{"id":106,"date":"2007-02-10T10:59:51","date_gmt":"2007-02-10T10:59:51","guid":{"rendered":"http:\/\/www.chongastyle.com\/?page_id=106"},"modified":"2011-02-27T17:45:29","modified_gmt":"2011-02-27T15:45:29","slug":"about","status":"publish","type":"page","link":"https:\/\/www.chongastyle.com\/?page_id=106","title":{"rendered":"A propos de ce blog"},"content":{"rendered":"<p>Espace d&rsquo;infos pour les amateurs et collectionneurs de musiques rares, obscures et uniques : roots rugueux, funk ghan\u00e9en, free jazz, dub cosmique, rock psych\u00e9d\u00e9lique p\u00e9ruvien, etc&#8230;<\/p>\n<p>Homme de l&rsquo;ombre, terreur des dancehalls, as du micro, gentleman des platines, Chongastyle est un peu tout \u00e7a \u00e0 la fois&#8230;<\/p>\n<p>Adepte d&rsquo;un culte \u00e9trange qui pousse ses membres \u00e0 rechercher les disques les plus obscurs, les artistes les plus rares et les sessions les plus d\u00e9jant\u00e9es, Chongastyle trouve toujours un moment pour vous faire profiter des p\u00e9pites qu&rsquo;il ram\u00e8ne de ses p\u00e9r\u00e9grinations soniques.<\/p>\n<p>Si vous souhaitez me contacter, n&rsquo;h\u00e9sitez pas \u00e0 m&rsquo;envoyer un mail : <a href=\"mailto:contact@chongastyle.com\">contact@chongastyle.com<\/a><\/p>\n<p><a href=\"http:\/\/www.chongastyle.com\/blog\/wp-content\/uploads\/2011\/02\/jimmycastorbunch.jpg\"><img loading=\"lazy\" decoding=\"async\" class=\"alignnone size-medium wp-image-670\" title=\"jimmycastorbunch\" src=\"http:\/\/www.chongastyle.com\/blog\/wp-content\/uploads\/2011\/02\/jimmycastorbunch-300x293.jpg\" alt=\"\" width=\"230\" height=\"224\" srcset=\"https:\/\/www.chongastyle.com\/blog\/wp-content\/uploads\/2011\/02\/jimmycastorbunch-300x293.jpg 300w, https:\/\/www.chongastyle.com\/blog\/wp-content\/uploads\/2011\/02\/jimmycastorbunch.jpg 350w\" sizes=\"(max-width: 230px) 100vw, 230px\" \/><\/a><\/p>\n","protected":false},"excerpt":{"rendered":"<p>Espace d&rsquo;infos pour les amateurs et collectionneurs de musiques rares, obscures et uniques : roots rugueux, funk ghan\u00e9en, free jazz, dub cosmique, rock psych\u00e9d\u00e9lique p\u00e9ruvien, etc&#8230; Homme de l&rsquo;ombre, terreur des dancehalls, as du micro, gentleman des platines, Chongastyle est un peu tout \u00e7a \u00e0 la fois&#8230; Adepte d&rsquo;un culte \u00e9trange qui pousse ses membres &hellip; <\/p>\n<p class=\"link-more\"><a href=\"https:\/\/www.chongastyle.com\/?page_id=106\" class=\"more-link\">Continuer la lecture<span class=\"screen-reader-text\"> de &laquo;&nbsp;A propos de ce blog&nbsp;&raquo;<\/span><\/a><\/p>\n","protected":false},"author":1,"featured_media":0,"parent":0,"menu_order":0,"comment_status":"open","ping_status":"open","template":"","meta":{"footnotes":""},"_links":{"self":[{"href":"https:\/\/www.chongastyle.com\/index.php?rest_route=\/wp\/v2\/pages\/106"}],"collection":[{"href":"https:\/\/www.chongastyle.com\/index.php?rest_route=\/wp\/v2\/pages"}],"about":[{"href":"https:\/\/www.chongastyle.com\/index.php?rest_route=\/wp\/v2\/types\/page"}],"author":[{"embeddable":true,"href":"https:\/\/www.chongastyle.com\/index.php?rest_route=\/wp\/v2\/users\/1"}],"replies":[{"embeddable":true,"href":"https:\/\/www.chongastyle.com\/index.php?rest_route=%2Fwp%2Fv2%2Fcomments&post=106"}],"version-history":[{"count":1,"href":"https:\/\/www.chongastyle.com\/index.php?rest_route=\/wp\/v2\/pages\/106\/revisions"}],"predecessor-version":[{"id":671,"href":"https:\/\/www.chongastyle.com\/index.php?rest_route=\/wp\/v2\/pages\/106\/revisions\/671"}],"wp:attachment":[{"href":"https:\/\/www.chongastyle.com\/index.php?rest_route=%2Fwp%2Fv2%2Fmedia&parent=106"}],"curies":[{"name":"wp","href":"https:\/\/api.w.org\/{rel}","templated":true}]}}